{"id":1178,"date":"2023-03-06T19:24:48","date_gmt":"2023-03-06T18:24:48","guid":{"rendered":"https:\/\/adeona-avocats.com\/nos-engagements\/"},"modified":"2023-03-28T19:40:05","modified_gmt":"2023-03-28T17:40:05","slug":"nos-engagements","status":"publish","type":"page","link":"https:\/\/adeona-avocats.com\/en\/nos-engagements\/","title":{"rendered":"Nos engagements"},"content":{"rendered":"\r\n<section id=\"adeona-block_ea9d1b5bf4d610fa047faa711081ce65\" class=\"space size-100 \"><\/section>\r\n\r\n\n\n\r\n<section id=\"adeona-block_2c18b230e7c5372c7e60213b1a9f1561\" class=\"page-title-big\">\r\n\r\n    <div class=\"container container-min\">\r\n        <h1 class=\"title\">\r\n            Les \u00e9quipes d\u2019Adeona <b>s\u2019engagent<\/b> au quotidien        <\/h1>\r\n\r\n                    <p class=\"subtitle\">Militantes et d\u00e9termin\u00e9es, les avocates du cabinet Adeona s&#8217;engagent au quotidien contre les violences sexistes et sexuelles et le d\u00e9r\u00e8glement climatique.<\/p>\r\n        \r\n            <\/div>\r\n   \r\n    \r\n<\/section>\n\n\r\n<section id=\"adeona-block_3dba3a88ba5ca965b46ae4d71cb78fa6\" class=\"space size-custom \"><\/section>\r\n\r\n\r\n    <style>\r\n                #adeona-block_3dba3a88ba5ca965b46ae4d71cb78fa6 { \r\n            height: 120px;\r\n        }\r\n        \r\n        \r\n                    @media (max-width: 768px) {\r\n                #adeona-block_3dba3a88ba5ca965b46ae4d71cb78fa6 {\r\n                    height: 80px;\r\n                }\r\n            }\r\n            <\/style>\r\n\n\n\r\n<section id=\"adeona-block_e2de4c49b4f313cf3cc1c0e46915b4dd\" class=\"engagements\">\r\n\r\n\r\n    <div class=\"container\">\r\n\r\n        <div class=\"text-column\">\r\n            <p class=\"engagement\">Violences sexistes et sexuelles<\/p>\r\n            <h2 class=\"title\">Lutter pour les droits des femmes <b>au quotidien<\/b><\/h2>\r\n            \r\n            <div class=\"mobile-image\">\r\n                <img decoding=\"async\" src=\"https:\/\/adeona-avocats.com\/wp-content\/uploads\/2023\/03\/patriarchy.jpg\" alt=\"\" >            <\/div>\r\n\r\n                            <p class=\"description\">\r\n                    F\u00e9ministes et militantes, les avocates du cabinet Adeona prennent la parole et s&#8217;engagent contre les violences sexuelles et sexistes, dans la sph\u00e8re priv\u00e9e comme sur le lieu de travail.                <\/p>\r\n            \r\n            <div class=\"items\">\r\n                                    <a class=\"item\" href=\"https:\/\/www.justice-endometriose.org\/\" target=\"_blank\">\r\n                        <span class=\"logo\"><img decoding=\"async\" src=\"https:\/\/adeona-avocats.com\/wp-content\/uploads\/2023\/03\/Logo-justice-endo.jpg\" alt=\"\" ><\/span>\r\n                        <span class=\"item-title\">Lutte contre la discrimination des victimes d&#8217;endom\u00e9triose au travail : conna\u00eetre vos droits<\/span>\r\n                    <\/a>\r\n                                    <a class=\"item\" href=\"https:\/\/www.lemonde.fr\/idees\/article\/2022\/10\/08\/la-contraception-contribue-a-grever-de-facon-discriminatoire-le-pouvoir-d-achat-des-femmes-de-plus-de-26-ans_6144977_3232.html\" target=\"_blank\">\r\n                        <span class=\"logo\"><img decoding=\"async\" src=\"https:\/\/adeona-avocats.com\/wp-content\/uploads\/2023\/03\/logo-le-monde.svg\" alt=\"\" ><\/span>\r\n                        <span class=\"item-title\">La contraception contribue \u00e0 grever de fa\u00e7on discriminatoire le pouvoir d\u2019achat des femmes de plus de 26 ans<\/span>\r\n                    <\/a>\r\n                                    <a class=\"item\" href=\"https:\/\/www.francetvinfo.fr\/societe\/harcelement-sexuel\/video-le-terrorisme-du-sperme-un-phenomene-denonce-par-de-plus-en-plus-de-victimes_4854587.html\" target=\"_blank\">\r\n                        <span class=\"logo\"><img decoding=\"async\" src=\"https:\/\/adeona-avocats.com\/wp-content\/uploads\/2023\/03\/logo-franceinfo.svg\" alt=\"\" ><\/span>\r\n                        <span class=\"item-title\">Le &#8220;terrorisme du sperme&#8221;, un ph\u00e9nom\u00e8ne d\u00e9nonc\u00e9 par de plus en plus de victimes <\/span>\r\n                    <\/a>\r\n                                    <a class=\"item\" href=\"https:\/\/www.instagram.com\/p\/ClHWqYdMQU_\/?hl=fr\" target=\"_blank\">\r\n                        <span class=\"logo\"><img decoding=\"async\" src=\"https:\/\/adeona-avocats.com\/wp-content\/uploads\/2023\/03\/stopvog.png\" alt=\"\" ><\/span>\r\n                        <span class=\"item-title\">Le cabinet Adeona, b\u00e9n\u00e9vole de l&#8217;association StopVog, marche aux c\u00f4t\u00e9s du collectif contre les violences gynocologiques <\/span>\r\n                    <\/a>\r\n                                    <a class=\"item\" href=\"https:\/\/www.elle.fr\/Societe\/News\/Je-l-ai-ressentie-comme-une-agression-sexuelle-temoignage-d-une-victime-de-frotteur-3973092\" target=\"_blank\">\r\n                        <span class=\"logo\"><img decoding=\"async\" src=\"https:\/\/adeona-avocats.com\/wp-content\/uploads\/2023\/03\/logo-elle.svg\" alt=\"\" ><\/span>\r\n                        <span class=\"item-title\">\u00ab Je l\u2019ai ressentie comme une agression sexuelle \u00bb : t\u00e9moignage d\u2019une victime de frotteur<\/span>\r\n                    <\/a>\r\n                            <\/div>\r\n        <\/div>\r\n\r\n        <div class=\"image-column\">\r\n            <img decoding=\"async\" src=\"https:\/\/adeona-avocats.com\/wp-content\/uploads\/2023\/03\/patriarchy.jpg\" alt=\"\" >        <\/div>\r\n        \r\n    <\/div>\r\n    \r\n<\/section>\n\n\r\n<section id=\"adeona-block_42c7cb3be82ed1ce80a23e0bbba21beb\" class=\"space size-80 \"><\/section>\r\n\r\n\n\n\r\n<section id=\"adeona-block_247a7991e39e7b02369c129642e4f10f\" class=\"engagements\">\r\n\r\n\r\n    <div class=\"container\">\r\n\r\n        <div class=\"text-column\">\r\n            <p class=\"engagement\">\u00c9cologie<\/p>\r\n            <h2 class=\"title\">Des prises de parole en faveur <b>des causes environnementales<\/b><\/h2>\r\n            \r\n            <div class=\"mobile-image\">\r\n                <img decoding=\"async\" src=\"https:\/\/adeona-avocats.com\/wp-content\/uploads\/2023\/03\/environment.jpg\" alt=\"\" >            <\/div>\r\n\r\n                            <p class=\"description\">\r\n                    Porta magna fermentum lacus euismod. Egestas diam ut dui tellus euismod pharetra sit. Quis turpis nunc lacinia massa. Egestas diam ut dui tellus euismod pharetra sit. Quis turpis nunc lacinia massa.                <\/p>\r\n            \r\n            <div class=\"items\">\r\n                                    <a class=\"item\" href=\"https:\/\/reporterre.net\/\" target=\"_blank\">\r\n                        <span class=\"logo\"><img decoding=\"async\" src=\"https:\/\/adeona-avocats.com\/wp-content\/uploads\/2023\/03\/logo-reporterre.svg\" alt=\"\" ><\/span>\r\n                        <span class=\"item-title\">Fringilla tincidunt tristique viverra augue semper. Ut purus eget sit sed. Est nisl commodo aenean id euismod dictum sed.<\/span>\r\n                    <\/a>\r\n                                    <a class=\"item\" href=\"https:\/\/www.france24.com\/fr\/\" target=\"_blank\">\r\n                        <span class=\"logo\"><img decoding=\"async\" src=\"https:\/\/adeona-avocats.com\/wp-content\/uploads\/2023\/03\/logo-france24.svg\" alt=\"\" ><\/span>\r\n                        <span class=\"item-title\">Enim quam odio nullam semper maecenas faucibus.<\/span>\r\n                    <\/a>\r\n                            <\/div>\r\n        <\/div>\r\n\r\n        <div class=\"image-column\">\r\n            <img decoding=\"async\" src=\"https:\/\/adeona-avocats.com\/wp-content\/uploads\/2023\/03\/environment.jpg\" alt=\"\" >        <\/div>\r\n        \r\n    <\/div>\r\n    \r\n<\/section>\n\n\r\n<section id=\"adeona-block_ea9d1b5bf4d610fa047faa711081ce65\" class=\"space size-100 \"><\/section>\r\n\r\n\n\n\r\n<section id=\"adeona-block_e0d1a6e2975af2b59b8a62b74a8a3acb\" class=\"rendez-vous\">\r\n\r\n    <div class=\"box\">\r\n\r\n        <div class=\"big-a\"><div class=\"a\"><\/div><div class=\"a\"><\/div><\/div>\r\n\r\n        <div class=\"container container-min\">\r\n\r\n            <div class=\"text-content\">\r\n                <h3 class=\"title\">Ces combats sont aussi les v\u00f4tres ?<\/h3>\r\n                \r\n                                    <a href=\"https:\/\/adeona-avocats.com\/contact\/\" class=\"button-inverted-with-arrow\" target=\"\">Contactez-nous<\/a>                            <\/div>\r\n\r\n        <\/div>\r\n    <\/div>\r\n   \r\n    \r\n<\/section>","protected":false},"excerpt":{"rendered":"","protected":false},"author":1,"featured_media":0,"parent":0,"menu_order":0,"comment_status":"closed","ping_status":"closed","template":"","meta":{"_acf_changed":false,"footnotes":""},"class_list":["post-1178","page","type-page","status-publish","hentry"],"acf":[],"yoast_head":"<!-- This site is optimized with the Yoast SEO plugin v27.3 - https:\/\/yoast.com\/product\/yoast-seo-wordpress\/ -->\n<title>Nos engagements - Adeona Avocat.e.s<\/title>\n<meta name=\"robots\" content=\"index, follow, max-snippet:-1, max-image-preview:large, max-video-preview:-1\" \/>\n<link rel=\"canonical\" href=\"https:\/\/adeona-avocats.com\/en\/nos-engagements\/\" \/>\n<meta property=\"og:locale\" content=\"en_US\" \/>\n<meta property=\"og:type\" content=\"article\" \/>\n<meta property=\"og:title\" content=\"Nos engagements - Adeona Avocat.e.s\" \/>\n<meta property=\"og:url\" content=\"https:\/\/adeona-avocats.com\/en\/nos-engagements\/\" \/>\n<meta property=\"og:site_name\" content=\"Adeona Avocat.e.s\" \/>\n<meta property=\"article:modified_time\" content=\"2023-03-28T17:40:05+00:00\" \/>\n<meta name=\"twitter:card\" content=\"summary_large_image\" \/>\n<script type=\"application\/ld+json\" class=\"yoast-schema-graph\">{\"@context\":\"https:\\\/\\\/schema.org\",\"@graph\":[{\"@type\":\"WebPage\",\"@id\":\"https:\\\/\\\/adeona-avocats.com\\\/en\\\/nos-engagements\\\/\",\"url\":\"https:\\\/\\\/adeona-avocats.com\\\/en\\\/nos-engagements\\\/\",\"name\":\"Nos engagements - Adeona Avocat.e.s\",\"isPartOf\":{\"@id\":\"https:\\\/\\\/adeona-avocats.com\\\/#website\"},\"datePublished\":\"2023-03-06T18:24:48+00:00\",\"dateModified\":\"2023-03-28T17:40:05+00:00\",\"breadcrumb\":{\"@id\":\"https:\\\/\\\/adeona-avocats.com\\\/en\\\/nos-engagements\\\/#breadcrumb\"},\"inLanguage\":\"en-US\",\"potentialAction\":[{\"@type\":\"ReadAction\",\"target\":[\"https:\\\/\\\/adeona-avocats.com\\\/en\\\/nos-engagements\\\/\"]}]},{\"@type\":\"BreadcrumbList\",\"@id\":\"https:\\\/\\\/adeona-avocats.com\\\/en\\\/nos-engagements\\\/#breadcrumb\",\"itemListElement\":[{\"@type\":\"ListItem\",\"position\":1,\"name\":\"Home\",\"item\":\"https:\\\/\\\/adeona-avocats.com\\\/en\\\/\"},{\"@type\":\"ListItem\",\"position\":2,\"name\":\"Nos engagements\"}]},{\"@type\":\"WebSite\",\"@id\":\"https:\\\/\\\/adeona-avocats.com\\\/#website\",\"url\":\"https:\\\/\\\/adeona-avocats.com\\\/\",\"name\":\"Adeona Avocat.e.s\",\"description\":\"Un site utilisant WordPress\",\"publisher\":{\"@id\":\"https:\\\/\\\/adeona-avocats.com\\\/#organization\"},\"potentialAction\":[{\"@type\":\"SearchAction\",\"target\":{\"@type\":\"EntryPoint\",\"urlTemplate\":\"https:\\\/\\\/adeona-avocats.com\\\/?s={search_term_string}\"},\"query-input\":{\"@type\":\"PropertyValueSpecification\",\"valueRequired\":true,\"valueName\":\"search_term_string\"}}],\"inLanguage\":\"en-US\"},{\"@type\":\"Organization\",\"@id\":\"https:\\\/\\\/adeona-avocats.com\\\/#organization\",\"name\":\"Adeona Avocat.e.s\",\"url\":\"https:\\\/\\\/adeona-avocats.com\\\/\",\"logo\":{\"@type\":\"ImageObject\",\"inLanguage\":\"en-US\",\"@id\":\"https:\\\/\\\/adeona-avocats.com\\\/#\\\/schema\\\/logo\\\/image\\\/\",\"url\":\"https:\\\/\\\/adeona-avocats.com\\\/wp-content\\\/uploads\\\/2022\\\/09\\\/adeona-avocat-e-s-logo.svg\",\"contentUrl\":\"https:\\\/\\\/adeona-avocats.com\\\/wp-content\\\/uploads\\\/2022\\\/09\\\/adeona-avocat-e-s-logo.svg\",\"width\":1,\"height\":1,\"caption\":\"Adeona Avocat.e.s\"},\"image\":{\"@id\":\"https:\\\/\\\/adeona-avocats.com\\\/#\\\/schema\\\/logo\\\/image\\\/\"},\"sameAs\":[\"https:\\\/\\\/www.linkedin.com\\\/company\\\/adeona-avocats\"]}]}<\/script>\n<!-- \/ Yoast SEO plugin. -->","yoast_head_json":{"title":"Nos engagements - Adeona Avocat.e.s","robots":{"index":"index","follow":"follow","max-snippet":"max-snippet:-1","max-image-preview":"max-image-preview:large","max-video-preview":"max-video-preview:-1"},"canonical":"https:\/\/adeona-avocats.com\/en\/nos-engagements\/","og_locale":"en_US","og_type":"article","og_title":"Nos engagements - Adeona Avocat.e.s","og_url":"https:\/\/adeona-avocats.com\/en\/nos-engagements\/","og_site_name":"Adeona Avocat.e.s","article_modified_time":"2023-03-28T17:40:05+00:00","twitter_card":"summary_large_image","schema":{"@context":"https:\/\/schema.org","@graph":[{"@type":"WebPage","@id":"https:\/\/adeona-avocats.com\/en\/nos-engagements\/","url":"https:\/\/adeona-avocats.com\/en\/nos-engagements\/","name":"Nos engagements - Adeona Avocat.e.s","isPartOf":{"@id":"https:\/\/adeona-avocats.com\/#website"},"datePublished":"2023-03-06T18:24:48+00:00","dateModified":"2023-03-28T17:40:05+00:00","breadcrumb":{"@id":"https:\/\/adeona-avocats.com\/en\/nos-engagements\/#breadcrumb"},"inLanguage":"en-US","potentialAction":[{"@type":"ReadAction","target":["https:\/\/adeona-avocats.com\/en\/nos-engagements\/"]}]},{"@type":"BreadcrumbList","@id":"https:\/\/adeona-avocats.com\/en\/nos-engagements\/#breadcrumb","itemListElement":[{"@type":"ListItem","position":1,"name":"Home","item":"https:\/\/adeona-avocats.com\/en\/"},{"@type":"ListItem","position":2,"name":"Nos engagements"}]},{"@type":"WebSite","@id":"https:\/\/adeona-avocats.com\/#website","url":"https:\/\/adeona-avocats.com\/","name":"Adeona Avocat.e.s","description":"Un site utilisant WordPress","publisher":{"@id":"https:\/\/adeona-avocats.com\/#organization"},"potentialAction":[{"@type":"SearchAction","target":{"@type":"EntryPoint","urlTemplate":"https:\/\/adeona-avocats.com\/?s={search_term_string}"},"query-input":{"@type":"PropertyValueSpecification","valueRequired":true,"valueName":"search_term_string"}}],"inLanguage":"en-US"},{"@type":"Organization","@id":"https:\/\/adeona-avocats.com\/#organization","name":"Adeona Avocat.e.s","url":"https:\/\/adeona-avocats.com\/","logo":{"@type":"ImageObject","inLanguage":"en-US","@id":"https:\/\/adeona-avocats.com\/#\/schema\/logo\/image\/","url":"https:\/\/adeona-avocats.com\/wp-content\/uploads\/2022\/09\/adeona-avocat-e-s-logo.svg","contentUrl":"https:\/\/adeona-avocats.com\/wp-content\/uploads\/2022\/09\/adeona-avocat-e-s-logo.svg","width":1,"height":1,"caption":"Adeona Avocat.e.s"},"image":{"@id":"https:\/\/adeona-avocats.com\/#\/schema\/logo\/image\/"},"sameAs":["https:\/\/www.linkedin.com\/company\/adeona-avocats"]}]}},"_links":{"self":[{"href":"https:\/\/adeona-avocats.com\/en\/wp-json\/wp\/v2\/pages\/1178","targetHints":{"allow":["GET"]}}],"collection":[{"href":"https:\/\/adeona-avocats.com\/en\/wp-json\/wp\/v2\/pages"}],"about":[{"href":"https:\/\/adeona-avocats.com\/en\/wp-json\/wp\/v2\/types\/page"}],"author":[{"embeddable":true,"href":"https:\/\/adeona-avocats.com\/en\/wp-json\/wp\/v2\/users\/1"}],"replies":[{"embeddable":true,"href":"https:\/\/adeona-avocats.com\/en\/wp-json\/wp\/v2\/comments?post=1178"}],"version-history":[{"count":2,"href":"https:\/\/adeona-avocats.com\/en\/wp-json\/wp\/v2\/pages\/1178\/revisions"}],"predecessor-version":[{"id":1180,"href":"https:\/\/adeona-avocats.com\/en\/wp-json\/wp\/v2\/pages\/1178\/revisions\/1180"}],"wp:attachment":[{"href":"https:\/\/adeona-avocats.com\/en\/wp-json\/wp\/v2\/media?parent=1178"}],"curies":[{"name":"wp","href":"https:\/\/api.w.org\/{rel}","templated":true}]}}