{"id":723,"date":"2022-08-31T20:20:02","date_gmt":"2022-08-31T18:20:02","guid":{"rendered":"https:\/\/adeona-avocats.com\/?page_id=723"},"modified":"2023-06-13T15:58:57","modified_gmt":"2023-06-13T13:58:57","slug":"contact","status":"publish","type":"page","link":"https:\/\/adeona-avocats.com\/en\/contact\/","title":{"rendered":"Contact"},"content":{"rendered":"\r\n<section id=\"adeona-block_61dd45f01120b4027d83bab83e4bbe94\" class=\"space size-100 \"><\/section>\r\n\r\n\n\n\r\n<section id=\"adeona-block_5815dbab491bf86c55f3d8b1ba48eab9\" class=\"title\">\r\n\r\n    <div class=\"container container-min\">\r\n        <h1 class=\"title\">\r\n            Contact form        <\/h1>\r\n    <\/div>\r\n   \r\n    \r\n<\/section>\n\n\r\n<section id=\"adeona-block_3abb671926e0ddfa44a8ef43147c362c\" class=\"space size-80 \"><\/section>\r\n\r\n\n\n\r\n<section id=\"adeona-block_9280dd73fc7a65590dc4dca691003eba\" class=\"content-simple\">\r\n\r\n    <div class=\"container container\">\r\n        <p style=\"text-align: center;\"><span data-wysiwyg-option=\"grands-textes\">Un\u00b7e avocat\u00b7e reviendra rapidement vers vous<\/span><\/p>\n    <\/div>\r\n   \r\n    \r\n<\/section>\n\n\r\n<section id=\"adeona-block_2a7f6f071f78ac9073eee75a0c06e1a6\" class=\"space size-custom \"><\/section>\r\n\r\n\r\n    <style>\r\n                #adeona-block_2a7f6f071f78ac9073eee75a0c06e1a6 { \r\n            height: 20px;\r\n        }\r\n        \r\n        \r\n            <\/style>\r\n\n\n\r\n<section id=\"adeona-block_623c370141066576df6586331e4aaa8f\" class=\"form\">\r\n\r\n    <div class=\"container\">\r\n        \n<div class=\"wpcf7 no-js\" id=\"wpcf7-f276-o1\" lang=\"fr-FR\" dir=\"ltr\" data-wpcf7-id=\"276\">\n<div class=\"screen-reader-response\"><p role=\"status\" aria-live=\"polite\" aria-atomic=\"true\"><\/p> <ul><\/ul><\/div>\n<form action=\"\/en\/wp-json\/wp\/v2\/pages\/723#wpcf7-f276-o1\" method=\"post\" class=\"wpcf7-form init\" aria-label=\"Formulaire de contact\" novalidate=\"novalidate\" data-status=\"init\">\n<fieldset class=\"hidden-fields-container\"><input type=\"hidden\" name=\"_wpcf7\" value=\"276\" \/><input type=\"hidden\" name=\"_wpcf7_version\" value=\"6.1.5\" \/><input type=\"hidden\" name=\"_wpcf7_locale\" value=\"fr_FR\" \/><input type=\"hidden\" name=\"_wpcf7_unit_tag\" value=\"wpcf7-f276-o1\" \/><input type=\"hidden\" name=\"_wpcf7_container_post\" value=\"0\" \/><input type=\"hidden\" name=\"_wpcf7_posted_data_hash\" value=\"\" \/>\n<\/fieldset>\n<div class=\"form-row\">\n\t<div class=\"form-row-item\">\n\t\t<p><label for=\"lastname\">Nom*<\/label><br \/>\n<span class=\"wpcf7-form-control-wrap\" data-name=\"lastname\"><input size=\"40\" maxlength=\"400\" class=\"wpcf7-form-control wpcf7-text wpcf7-validates-as-required\" id=\"lastname\" aria-required=\"true\" aria-invalid=\"false\" placeholder=\"Votre nom\" value=\"\" type=\"text\" name=\"lastname\" \/><\/span>\n\t\t<\/p>\n\t<\/div>\n\t<div class=\"form-row-item\">\n\t\t<p><label for=\"firstname\">Pr\u00e9nom*<\/label><br \/>\n<span class=\"wpcf7-form-control-wrap\" data-name=\"firstname\"><input size=\"40\" maxlength=\"400\" class=\"wpcf7-form-control wpcf7-text wpcf7-validates-as-required\" id=\"firstname\" aria-required=\"true\" aria-invalid=\"false\" placeholder=\"Votre pr\u00e9nom\" value=\"\" type=\"text\" name=\"firstname\" \/><\/span>\n\t\t<\/p>\n\t<\/div>\n<\/div>\n<div class=\"form-row\">\n\t<div class=\"form-row-item\">\n\t\t<p><label for=\"email\">Adresse e-mail*<\/label><br \/>\n<span class=\"wpcf7-form-control-wrap\" data-name=\"email\"><input size=\"40\" maxlength=\"400\" class=\"wpcf7-form-control wpcf7-email wpcf7-validates-as-required wpcf7-text wpcf7-validates-as-email\" id=\"email\" aria-required=\"true\" aria-invalid=\"false\" placeholder=\"Votre adresse email\" value=\"\" type=\"email\" name=\"email\" \/><\/span>\n\t\t<\/p>\n\t<\/div>\n\t<div class=\"form-row-item\">\n\t\t<p><label for=\"phone\">Num\u00e9ro de t\u00e9l\u00e9phone*<\/label><br \/>\n<span class=\"wpcf7-form-control-wrap\" data-name=\"phone\"><input size=\"40\" maxlength=\"400\" class=\"wpcf7-form-control wpcf7-tel wpcf7-validates-as-required wpcf7-text wpcf7-validates-as-tel\" id=\"phone\" aria-required=\"true\" aria-invalid=\"false\" placeholder=\"Votre num\u00e9ro de t\u00e9l\u00e9phone\" value=\"\" type=\"tel\" name=\"phone\" \/><\/span>\n\t\t<\/p>\n\t<\/div>\n<\/div>\n<div class=\"form-row\">\n\t<div class=\"form-row-item no-label\" data-option-placeholder=\"Veuillez choisir un sujet pour continuer\">\n\t\t<p><span class=\"wpcf7-form-control-wrap\" data-name=\"expertise\"><select class=\"wpcf7-form-control wpcf7-select wpcf7-validates-as-required\" aria-required=\"true\" aria-invalid=\"false\" name=\"expertise\"><option value=\"\">Veuillez choisir un sujet pour continuer<\/option><option value=\"Droit du travail\">Droit du travail<\/option><option value=\"Droit du tourisme\">Droit du tourisme<\/option><option value=\"Autres\">Autres<\/option><\/select><\/span>\n\t\t<\/p>\n\t<\/div>\n<\/div>\n<div class=\"form-row select-options-container-holder\">\n<\/div>\n<div class=\"form-conditional form-conditional-hidden\" data-condition-name=\"expertise\" data-condition-value=\"Droit du travail\">\n\t<div class=\"form-row\">\n\t\t<div class=\"form-row-item\">\n\t\t\t<p><label for=\"salary\">Salaire mensuel brut<\/label><br \/>\n<span class=\"wpcf7-form-control-wrap\" data-name=\"salary\"><input size=\"40\" maxlength=\"400\" class=\"wpcf7-form-control wpcf7-text\" id=\"salary\" aria-invalid=\"false\" value=\"\" type=\"text\" name=\"salary\" \/><\/span>\n\t\t\t<\/p>\n\t\t<\/div>\n\t\t<div class=\"form-row-item\">\n\t\t\t<p><label for=\"compagny\">Soci\u00e9t\u00e9<\/label><br \/>\n<span class=\"wpcf7-form-control-wrap\" data-name=\"compagny\"><input size=\"40\" maxlength=\"400\" class=\"wpcf7-form-control wpcf7-text\" id=\"compagny\" aria-invalid=\"false\" placeholder=\"Le nom de votre soci\u00e9t\u00e9\" value=\"\" type=\"text\" name=\"compagny\" \/><\/span>\n\t\t\t<\/p>\n\t\t<\/div>\n\t<\/div>\n\t<div class=\"form-row\">\n\t\t<div class=\"form-row-item\">\n\t\t\t<p><label for=\"qu1\">Anciennet\u00e9<\/label><br \/>\n<span class=\"wpcf7-form-control-wrap\" data-name=\"anciennete\"><input size=\"40\" maxlength=\"400\" class=\"wpcf7-form-control wpcf7-text\" id=\"anciennete\" aria-invalid=\"false\" value=\"\" type=\"text\" name=\"anciennete\" \/><\/span>\n\t\t\t<\/p>\n\t\t<\/div>\n\t\t<div class=\"form-row-item\">\n\t\t\t<p><label for=\"qu2\">Nature du contrat (CDD, CDI, Interim\u2026)<\/label><br \/>\n<span class=\"wpcf7-form-control-wrap\" data-name=\"contrat\"><input size=\"40\" maxlength=\"400\" class=\"wpcf7-form-control wpcf7-text\" id=\"contrat\" aria-invalid=\"false\" value=\"\" type=\"text\" name=\"contrat\" \/><\/span>\n\t\t\t<\/p>\n\t\t<\/div>\n\t<\/div>\n<\/div>\n<div class=\"form-row\">\n\t<div class=\"form-row-item\">\n\t\t<p><label for=\"firstname\">Votre message*<\/label><br \/>\n<span class=\"wpcf7-form-control-wrap\" data-name=\"message\"><textarea cols=\"40\" rows=\"5\" maxlength=\"2000\" class=\"wpcf7-form-control wpcf7-textarea wpcf7-validates-as-required\" id=\"message\" aria-required=\"true\" aria-invalid=\"false\" name=\"message\"><\/textarea><\/span>\n\t\t<\/p>\n\t<\/div>\n<\/div>\n<div class=\"form-row no-fill\">\n\t<div class=\"form-row-item\">\n\t\t<p><span class=\"wpcf7-form-control-wrap\" data-name=\"acceptance\"><span class=\"wpcf7-form-control wpcf7-acceptance\"><span class=\"wpcf7-list-item\"><label><input type=\"checkbox\" name=\"acceptance\" value=\"1\" aria-invalid=\"false\" \/><span class=\"wpcf7-list-item-label\">J&#8217;accepte d&#8217;\u00eatre recontact\u00e9 par Adeona Avocat\u00b7e\u00b7s<\/span><\/label><\/span><\/span><\/span>\n\t\t<\/p>\n\t<\/div>\n<\/div>\n<div class=\"form-row no-fill form-row-submit\">\n\t<div class=\"form-row-item\">\n\t\t<p><button class=\"button-with-arrow\">Envoyer<\/button>\n\t\t<\/p>\n\t<\/div>\n<\/div><div class=\"wpcf7-response-output\" aria-hidden=\"true\"><\/div>\n<\/form>\n<\/div>\n    <\/div>\r\n   \r\n    \r\n<\/section>\n\n\r\n<section id=\"adeona-block_4b5a8195c9a215686db06a0a355d4fdf\" class=\"space size-140 \"><\/section>\r\n\r\n","protected":false},"excerpt":{"rendered":"","protected":false},"author":1,"featured_media":0,"parent":0,"menu_order":0,"comment_status":"closed","ping_status":"closed","template":"","meta":{"_acf_changed":false,"footnotes":""},"class_list":["post-723","page","type-page","status-publish","hentry"],"acf":[],"yoast_head":"<!-- This site is optimized with the Yoast SEO plugin v27.5 - https:\/\/yoast.com\/product\/yoast-seo-wordpress\/ -->\n<title>Contact - Adeona Avocat.e.s<\/title>\n<meta name=\"robots\" content=\"index, follow, max-snippet:-1, max-image-preview:large, max-video-preview:-1\" \/>\n<link rel=\"canonical\" href=\"https:\/\/adeona-avocats.com\/en\/contact\/\" \/>\n<meta property=\"og:locale\" content=\"en_US\" \/>\n<meta property=\"og:type\" content=\"article\" \/>\n<meta property=\"og:title\" content=\"Contact - Adeona Avocat.e.s\" \/>\n<meta property=\"og:url\" content=\"https:\/\/adeona-avocats.com\/en\/contact\/\" \/>\n<meta property=\"og:site_name\" content=\"Adeona Avocat.e.s\" \/>\n<meta property=\"article:modified_time\" content=\"2023-06-13T13:58:57+00:00\" \/>\n<meta name=\"twitter:card\" content=\"summary_large_image\" \/>\n<script type=\"application\/ld+json\" class=\"yoast-schema-graph\">{\"@context\":\"https:\\\/\\\/schema.org\",\"@graph\":[{\"@type\":\"WebPage\",\"@id\":\"https:\\\/\\\/adeona-avocats.com\\\/en\\\/contact\\\/\",\"url\":\"https:\\\/\\\/adeona-avocats.com\\\/en\\\/contact\\\/\",\"name\":\"Contact - Adeona Avocat.e.s\",\"isPartOf\":{\"@id\":\"https:\\\/\\\/adeona-avocats.com\\\/#website\"},\"datePublished\":\"2022-08-31T18:20:02+00:00\",\"dateModified\":\"2023-06-13T13:58:57+00:00\",\"breadcrumb\":{\"@id\":\"https:\\\/\\\/adeona-avocats.com\\\/en\\\/contact\\\/#breadcrumb\"},\"inLanguage\":\"en-US\",\"potentialAction\":[{\"@type\":\"ReadAction\",\"target\":[\"https:\\\/\\\/adeona-avocats.com\\\/en\\\/contact\\\/\"]}]},{\"@type\":\"BreadcrumbList\",\"@id\":\"https:\\\/\\\/adeona-avocats.com\\\/en\\\/contact\\\/#breadcrumb\",\"itemListElement\":[{\"@type\":\"ListItem\",\"position\":1,\"name\":\"Home\",\"item\":\"https:\\\/\\\/adeona-avocats.com\\\/en\\\/\"},{\"@type\":\"ListItem\",\"position\":2,\"name\":\"Contact\"}]},{\"@type\":\"WebSite\",\"@id\":\"https:\\\/\\\/adeona-avocats.com\\\/#website\",\"url\":\"https:\\\/\\\/adeona-avocats.com\\\/\",\"name\":\"Adeona Avocat.e.s\",\"description\":\"Un site utilisant WordPress\",\"publisher\":{\"@id\":\"https:\\\/\\\/adeona-avocats.com\\\/#organization\"},\"potentialAction\":[{\"@type\":\"SearchAction\",\"target\":{\"@type\":\"EntryPoint\",\"urlTemplate\":\"https:\\\/\\\/adeona-avocats.com\\\/?s={search_term_string}\"},\"query-input\":{\"@type\":\"PropertyValueSpecification\",\"valueRequired\":true,\"valueName\":\"search_term_string\"}}],\"inLanguage\":\"en-US\"},{\"@type\":\"Organization\",\"@id\":\"https:\\\/\\\/adeona-avocats.com\\\/#organization\",\"name\":\"Adeona Avocat.e.s\",\"url\":\"https:\\\/\\\/adeona-avocats.com\\\/\",\"logo\":{\"@type\":\"ImageObject\",\"inLanguage\":\"en-US\",\"@id\":\"https:\\\/\\\/adeona-avocats.com\\\/#\\\/schema\\\/logo\\\/image\\\/\",\"url\":\"https:\\\/\\\/adeona-avocats.com\\\/wp-content\\\/uploads\\\/2022\\\/09\\\/adeona-avocat-e-s-logo.svg\",\"contentUrl\":\"https:\\\/\\\/adeona-avocats.com\\\/wp-content\\\/uploads\\\/2022\\\/09\\\/adeona-avocat-e-s-logo.svg\",\"width\":1,\"height\":1,\"caption\":\"Adeona Avocat.e.s\"},\"image\":{\"@id\":\"https:\\\/\\\/adeona-avocats.com\\\/#\\\/schema\\\/logo\\\/image\\\/\"},\"sameAs\":[\"https:\\\/\\\/www.linkedin.com\\\/company\\\/adeona-avocats\"]}]}<\/script>\n<!-- \/ Yoast SEO plugin. -->","yoast_head_json":{"title":"Contact - Adeona Avocat.e.s","robots":{"index":"index","follow":"follow","max-snippet":"max-snippet:-1","max-image-preview":"max-image-preview:large","max-video-preview":"max-video-preview:-1"},"canonical":"https:\/\/adeona-avocats.com\/en\/contact\/","og_locale":"en_US","og_type":"article","og_title":"Contact - Adeona Avocat.e.s","og_url":"https:\/\/adeona-avocats.com\/en\/contact\/","og_site_name":"Adeona Avocat.e.s","article_modified_time":"2023-06-13T13:58:57+00:00","twitter_card":"summary_large_image","schema":{"@context":"https:\/\/schema.org","@graph":[{"@type":"WebPage","@id":"https:\/\/adeona-avocats.com\/en\/contact\/","url":"https:\/\/adeona-avocats.com\/en\/contact\/","name":"Contact - Adeona Avocat.e.s","isPartOf":{"@id":"https:\/\/adeona-avocats.com\/#website"},"datePublished":"2022-08-31T18:20:02+00:00","dateModified":"2023-06-13T13:58:57+00:00","breadcrumb":{"@id":"https:\/\/adeona-avocats.com\/en\/contact\/#breadcrumb"},"inLanguage":"en-US","potentialAction":[{"@type":"ReadAction","target":["https:\/\/adeona-avocats.com\/en\/contact\/"]}]},{"@type":"BreadcrumbList","@id":"https:\/\/adeona-avocats.com\/en\/contact\/#breadcrumb","itemListElement":[{"@type":"ListItem","position":1,"name":"Home","item":"https:\/\/adeona-avocats.com\/en\/"},{"@type":"ListItem","position":2,"name":"Contact"}]},{"@type":"WebSite","@id":"https:\/\/adeona-avocats.com\/#website","url":"https:\/\/adeona-avocats.com\/","name":"Adeona Avocat.e.s","description":"Un site utilisant WordPress","publisher":{"@id":"https:\/\/adeona-avocats.com\/#organization"},"potentialAction":[{"@type":"SearchAction","target":{"@type":"EntryPoint","urlTemplate":"https:\/\/adeona-avocats.com\/?s={search_term_string}"},"query-input":{"@type":"PropertyValueSpecification","valueRequired":true,"valueName":"search_term_string"}}],"inLanguage":"en-US"},{"@type":"Organization","@id":"https:\/\/adeona-avocats.com\/#organization","name":"Adeona Avocat.e.s","url":"https:\/\/adeona-avocats.com\/","logo":{"@type":"ImageObject","inLanguage":"en-US","@id":"https:\/\/adeona-avocats.com\/#\/schema\/logo\/image\/","url":"https:\/\/adeona-avocats.com\/wp-content\/uploads\/2022\/09\/adeona-avocat-e-s-logo.svg","contentUrl":"https:\/\/adeona-avocats.com\/wp-content\/uploads\/2022\/09\/adeona-avocat-e-s-logo.svg","width":1,"height":1,"caption":"Adeona Avocat.e.s"},"image":{"@id":"https:\/\/adeona-avocats.com\/#\/schema\/logo\/image\/"},"sameAs":["https:\/\/www.linkedin.com\/company\/adeona-avocats"]}]}},"_links":{"self":[{"href":"https:\/\/adeona-avocats.com\/en\/wp-json\/wp\/v2\/pages\/723","targetHints":{"allow":["GET"]}}],"collection":[{"href":"https:\/\/adeona-avocats.com\/en\/wp-json\/wp\/v2\/pages"}],"about":[{"href":"https:\/\/adeona-avocats.com\/en\/wp-json\/wp\/v2\/types\/page"}],"author":[{"embeddable":true,"href":"https:\/\/adeona-avocats.com\/en\/wp-json\/wp\/v2\/users\/1"}],"replies":[{"embeddable":true,"href":"https:\/\/adeona-avocats.com\/en\/wp-json\/wp\/v2\/comments?post=723"}],"version-history":[{"count":3,"href":"https:\/\/adeona-avocats.com\/en\/wp-json\/wp\/v2\/pages\/723\/revisions"}],"predecessor-version":[{"id":1276,"href":"https:\/\/adeona-avocats.com\/en\/wp-json\/wp\/v2\/pages\/723\/revisions\/1276"}],"wp:attachment":[{"href":"https:\/\/adeona-avocats.com\/en\/wp-json\/wp\/v2\/media?parent=723"}],"curies":[{"name":"wp","href":"https:\/\/api.w.org\/{rel}","templated":true}]}}