{"id":735,"date":"2022-08-31T20:21:49","date_gmt":"2022-08-31T18:21:49","guid":{"rendered":"https:\/\/adeona-avocats.com\/?page_id=735"},"modified":"2022-12-13T19:58:32","modified_gmt":"2022-12-13T18:58:32","slug":"landing-page-defense-des-salaries","status":"publish","type":"page","link":"https:\/\/adeona-avocats.com\/en\/landing-page-defense-des-salaries\/","title":{"rendered":"Landing page &#8211;  D\u00e9fense des salari\u00e9s"},"content":{"rendered":"\r\n<section id=\"adeona-block_63886428ee287\" class=\"header-accueil\">\r\n\r\n    <div class=\"bg\">\r\n        <!-- <div class=\"window\">\r\n                    <\/div> -->\r\n\r\n        <div class=\"big-a\"><div class=\"a\"><\/div><div class=\"a\"><\/div><\/div>\r\n    <\/div>\r\n\r\n    <div class=\"container columns\">\r\n\r\n        <div class=\"left\">\r\n            <h1 class=\"title\"><p>Adeona Avocat\u00b7e\u00b7s porte la voix des salari\u00e9\u00b7es et patient\u00b7es contre <strong>les abus de pouvoir au<\/strong><strong> travail et dans le milieu m\u00e9dical<\/strong><\/p>\n<\/h1>\r\n                    <\/div>\r\n\r\n        <div class=\"right\">\r\n            <div class=\"window-image\">\r\n                <img decoding=\"async\" src=\"https:\/\/adeona-avocats.com\/wp-content\/uploads\/2022\/12\/priscilla-du-preez-3gAiajAfjXI-unsplash-1.jpg\" alt=\"\" >            <\/div>\r\n        <\/div>\r\n        \r\n    <\/div>\r\n    \r\n    <div class=\"container scroll-link-inside\">\r\n        <div class=\"scroll-link\">Scroll<\/div>\r\n    <\/div>\r\n\r\n\r\n    <div class=\"logo-container\">\r\n        <img decoding=\"async\" src=\"https:\/\/adeona-avocats.com\/wp-content\/uploads\/2022\/09\/adeona-avocat-e-s-logo.svg\" alt=\"\" >    <\/div>\r\n   \r\n    \r\n<\/section>\r\n\n\n\r\n<section id=\"adeona-block_6321ee2bdf513\" class=\"space size-100 \"><\/section>\r\n\r\n\n\n\r\n<section id=\"adeona-block_6321f0488d5cc\" class=\"text-two-columns\">\r\n\r\n    <div class=\"container\">\r\n        <div class=\"col\">\r\n            <h2>Accompagnement<br \/>\ndes salari\u00e9\u00b7es<\/h2>\n<p>Laura Ballester conseille et accompagne les salari\u00e9\u00b7es dans leur parcours professionnel et les difficult\u00e9s rencontr\u00e9es au travail. Le cabinet intervient tant en conseil ponctuel qu\u2019en phases pr\u00e9-contentieuse (n\u00e9gociations de d\u00e9part) et contentieuse (actions devant le Conseil de prud\u2019hommes et cours d&#8217;apel).<\/p>\n<p>Laura Ballester met en particulier un point d\u2019honneur \u00e0 combattre les situations de harc\u00e8lement moral, harc\u00e8lement sexuel et discriminations quelles qu\u2019elles soient sur le lieu de travail (maternit\u00e9, sexe, racisme etc.).<\/p>\n<h3>Nos prestations<\/h3>\n<ul>\n<li>N\u00e9gociations de d\u00e9part (rupture conventionnelle ou accord amiable de rupture fiscalement optimis\u00e9)<\/li>\n<li>Salari\u00e9\u00b7es expatri\u00e9\u00b7es (d\u00e9tachement, expatriation)<\/li>\n<li>Cumul mandat social et contrat de travail<\/li>\n<li>Mise en cause de la responsabilit\u00e9 de l\u2019employeur en mati\u00e8re de sant\u00e9 et s\u00e9curit\u00e9 au travail (harc\u00e8lement sexuel, agissements sexistes, harc\u00e8lement moral, burn-out, mise \u00e0 l&#8217;\u00e9cart&#8230;)<\/li>\n<li>Contestation de licenciements abusifs<\/li>\n<li>Accompagnement dans la collecte de ses donn\u00e9es personnelles aupr\u00e8s de l\u2019employeur<\/li>\n<li>Accompagnement en droit p\u00e9nal du travail via un r\u00e9seau de confr\u00e8res et cons\u0153urs sensibilis\u00e9\u00b7es aux probl\u00e9matiques de harc\u00e8lemement sexuel et violences sexuelles sur le lieu de travail<\/li>\n<\/ul>\n<p><a href=\"https:\/\/adeona-avocats.com\/contact\/\">Rencontrez Laura Ballester<\/a><\/p>\n        <\/div>\r\n        <div class=\"col\">\r\n            <h2>Accompagnement<br \/>\ndes femmes victimes<br \/>\nde violences m\u00e9dicales<\/h2>\n<p>Forte de son exp\u00e9rience b\u00e9n\u00e9vole aupr\u00e8s de divers collectifs et associations f\u00e9ministes, Laura Ballester s&#8217;est constitu\u00e9 sur le terrain une solide exp\u00e9rience aux c\u00f4t\u00e9s des femmes victimes de violences m\u00e9dicales &#8211; notamment de violences gyn\u00e9cologiques et obst\u00e9tricales (qu&#8217;elles soient verbales, physiques ou sexuelles).<\/p>\n<p>Elle accompagne les victimes devant l\u2019Ordre des m\u00e9decins, les juridictions civiles et les juridictions p\u00e9nales en vue d\u2019obtenir une juste r\u00e9paration de leur pr\u00e9judice mais \u00e9galement de faire cesser \u00e0 l\u2019avenir les pratiques abusives (sanctions disciplinaires et\/ou p\u00e9nales).<\/p>\n<p><a href=\"https:\/\/adeona-avocats.com\/contact\/\">Rencontrez Laura Ballester<\/a><\/p>\n        <\/div>\r\n    <\/div>\r\n   \r\n    \r\n<\/section>\n\n\r\n<section id=\"adeona-block_6321f05f8d5cd\" class=\"space size-140 \"><\/section>\r\n\r\n\n\n\r\n<section id=\"adeona-block_6321f0688d5ce\" class=\"block-content-complex\">\r\n\r\n    <div class=\"container\">\r\n        <div class=\"inner-content\">\r\n\r\n            <h3 class=\"title\">Nos honoraires<\/h3>\r\n                            <div class=\"content\">\r\n                    <p><span style=\"text-decoration: underline;\" data-wysiwyg-option=\"grands-textes\">La premi\u00e8re prise de contact t\u00e9l\u00e9phonique avec Laura Ballester est enti\u00e8rement gratuite.<\/span><br \/>\n<span data-wysiwyg-option=\"grands-textes\">Elle permet de faire connaissance et de d\u00e9finir les besoins de la personne et la capacit\u00e9 du cabinet \u00e0 l\u2019accompagner.<\/span><\/p>\n<p><span data-wysiwyg-option=\"petits-textes\">L\u2019accompagnement du cabinet en mati\u00e8re pr\u00e9-contentieuse et contentieuse s\u2019organise sous forme de <span style=\"text-decoration: underline;\">forfaits d\u00e9limit\u00e9s, transparents et clairs<\/span>. Ces forfaits sont <span style=\"text-decoration: underline;\">\u00e9volutifs en fonction des besoins de la personne et de ses ressources<\/span>.<\/span><br \/>\n<span data-wysiwyg-option=\"petits-textes\">Ainsi, <span style=\"text-decoration: underline;\">pas de mauvaise surprise<\/span> : tous les prix sont fix\u00e9s \u00e0 l\u2019avance, quelles que soient les complications \u00e9ventuelles du dossier et le temps qui y est consacr\u00e9 par l\u2019avocate.<\/span><\/p>\n<p><span data-wysiwyg-option=\"petits-textes\">Un accompagnement horaire est \u00e9galement toujours possible.<\/span><\/p>\n                <\/div>\r\n                                    \r\n        <\/div>\r\n    <\/div>\r\n   \r\n    \r\n<\/section>\n\n\r\n<section id=\"adeona-block_6321f0aba9ddc\" class=\"space size-80 \"><\/section>\r\n\r\n\n\n\r\n<section id=\"adeona-block_6321f0b3a9ddd\" class=\"rendez-vous\">\r\n\r\n    <div class=\"box\">\r\n\r\n        <div class=\"big-a\"><div class=\"a\"><\/div><div class=\"a\"><\/div><\/div>\r\n\r\n        <div class=\"container container-min\">\r\n\r\n            <div class=\"text-content\">\r\n                <h3 class=\"title\">Vous souhaitez \u00eatre accompagn\u00e9\u00b7e dans votre proc\u00e9dure de d\u00e9part ?<br \/>\r\nVous \u00eates victime de discrimination, harc\u00e8lement ou violences ?<\/h3>\r\n                \r\n                                    <a href=\"https:\/\/adeona-avocats.com\/contact\/\" class=\"button-inverted-with-arrow\" target=\"\">Nous contacter<\/a>                            <\/div>\r\n\r\n        <\/div>\r\n    <\/div>\r\n   \r\n    \r\n<\/section>\n\n\r\n<section id=\"adeona-block_6321f0b9a9dde\" class=\"space size-80 \"><\/section>\r\n\r\n","protected":false},"excerpt":{"rendered":"","protected":false},"author":1,"featured_media":0,"parent":0,"menu_order":0,"comment_status":"closed","ping_status":"closed","template":"","meta":{"_acf_changed":false,"footnotes":""},"class_list":["post-735","page","type-page","status-publish","hentry"],"acf":[],"yoast_head":"<!-- This site is optimized with the Yoast SEO plugin v27.4 - https:\/\/yoast.com\/product\/yoast-seo-wordpress\/ -->\n<title>Landing page - D\u00e9fense des salari\u00e9s - Adeona Avocat.e.s<\/title>\n<meta name=\"robots\" content=\"index, follow, max-snippet:-1, max-image-preview:large, max-video-preview:-1\" \/>\n<link rel=\"canonical\" href=\"https:\/\/adeona-avocats.com\/en\/landing-page-defense-des-salaries\/\" \/>\n<meta property=\"og:locale\" content=\"en_US\" \/>\n<meta property=\"og:type\" content=\"article\" \/>\n<meta property=\"og:title\" content=\"Landing page - D\u00e9fense des salari\u00e9s - Adeona Avocat.e.s\" \/>\n<meta property=\"og:url\" content=\"https:\/\/adeona-avocats.com\/en\/landing-page-defense-des-salaries\/\" \/>\n<meta property=\"og:site_name\" content=\"Adeona Avocat.e.s\" \/>\n<meta property=\"article:modified_time\" content=\"2022-12-13T18:58:32+00:00\" \/>\n<meta name=\"twitter:card\" content=\"summary_large_image\" \/>\n<script type=\"application\/ld+json\" class=\"yoast-schema-graph\">{\"@context\":\"https:\\\/\\\/schema.org\",\"@graph\":[{\"@type\":\"WebPage\",\"@id\":\"https:\\\/\\\/adeona-avocats.com\\\/en\\\/landing-page-defense-des-salaries\\\/\",\"url\":\"https:\\\/\\\/adeona-avocats.com\\\/en\\\/landing-page-defense-des-salaries\\\/\",\"name\":\"Landing page - D\u00e9fense des salari\u00e9s - Adeona Avocat.e.s\",\"isPartOf\":{\"@id\":\"https:\\\/\\\/adeona-avocats.com\\\/#website\"},\"datePublished\":\"2022-08-31T18:21:49+00:00\",\"dateModified\":\"2022-12-13T18:58:32+00:00\",\"breadcrumb\":{\"@id\":\"https:\\\/\\\/adeona-avocats.com\\\/en\\\/landing-page-defense-des-salaries\\\/#breadcrumb\"},\"inLanguage\":\"en-US\",\"potentialAction\":[{\"@type\":\"ReadAction\",\"target\":[\"https:\\\/\\\/adeona-avocats.com\\\/en\\\/landing-page-defense-des-salaries\\\/\"]}]},{\"@type\":\"BreadcrumbList\",\"@id\":\"https:\\\/\\\/adeona-avocats.com\\\/en\\\/landing-page-defense-des-salaries\\\/#breadcrumb\",\"itemListElement\":[{\"@type\":\"ListItem\",\"position\":1,\"name\":\"Home\",\"item\":\"https:\\\/\\\/adeona-avocats.com\\\/en\\\/\"},{\"@type\":\"ListItem\",\"position\":2,\"name\":\"Landing page &#8211; D\u00e9fense des salari\u00e9s\"}]},{\"@type\":\"WebSite\",\"@id\":\"https:\\\/\\\/adeona-avocats.com\\\/#website\",\"url\":\"https:\\\/\\\/adeona-avocats.com\\\/\",\"name\":\"Adeona Avocat.e.s\",\"description\":\"Un site utilisant WordPress\",\"publisher\":{\"@id\":\"https:\\\/\\\/adeona-avocats.com\\\/#organization\"},\"potentialAction\":[{\"@type\":\"SearchAction\",\"target\":{\"@type\":\"EntryPoint\",\"urlTemplate\":\"https:\\\/\\\/adeona-avocats.com\\\/?s={search_term_string}\"},\"query-input\":{\"@type\":\"PropertyValueSpecification\",\"valueRequired\":true,\"valueName\":\"search_term_string\"}}],\"inLanguage\":\"en-US\"},{\"@type\":\"Organization\",\"@id\":\"https:\\\/\\\/adeona-avocats.com\\\/#organization\",\"name\":\"Adeona Avocat.e.s\",\"url\":\"https:\\\/\\\/adeona-avocats.com\\\/\",\"logo\":{\"@type\":\"ImageObject\",\"inLanguage\":\"en-US\",\"@id\":\"https:\\\/\\\/adeona-avocats.com\\\/#\\\/schema\\\/logo\\\/image\\\/\",\"url\":\"https:\\\/\\\/adeona-avocats.com\\\/wp-content\\\/uploads\\\/2022\\\/09\\\/adeona-avocat-e-s-logo.svg\",\"contentUrl\":\"https:\\\/\\\/adeona-avocats.com\\\/wp-content\\\/uploads\\\/2022\\\/09\\\/adeona-avocat-e-s-logo.svg\",\"width\":1,\"height\":1,\"caption\":\"Adeona Avocat.e.s\"},\"image\":{\"@id\":\"https:\\\/\\\/adeona-avocats.com\\\/#\\\/schema\\\/logo\\\/image\\\/\"},\"sameAs\":[\"https:\\\/\\\/www.linkedin.com\\\/company\\\/adeona-avocats\"]}]}<\/script>\n<!-- \/ Yoast SEO plugin. -->","yoast_head_json":{"title":"Landing page - D\u00e9fense des salari\u00e9s - Adeona Avocat.e.s","robots":{"index":"index","follow":"follow","max-snippet":"max-snippet:-1","max-image-preview":"max-image-preview:large","max-video-preview":"max-video-preview:-1"},"canonical":"https:\/\/adeona-avocats.com\/en\/landing-page-defense-des-salaries\/","og_locale":"en_US","og_type":"article","og_title":"Landing page - D\u00e9fense des salari\u00e9s - Adeona Avocat.e.s","og_url":"https:\/\/adeona-avocats.com\/en\/landing-page-defense-des-salaries\/","og_site_name":"Adeona Avocat.e.s","article_modified_time":"2022-12-13T18:58:32+00:00","twitter_card":"summary_large_image","schema":{"@context":"https:\/\/schema.org","@graph":[{"@type":"WebPage","@id":"https:\/\/adeona-avocats.com\/en\/landing-page-defense-des-salaries\/","url":"https:\/\/adeona-avocats.com\/en\/landing-page-defense-des-salaries\/","name":"Landing page - D\u00e9fense des salari\u00e9s - Adeona Avocat.e.s","isPartOf":{"@id":"https:\/\/adeona-avocats.com\/#website"},"datePublished":"2022-08-31T18:21:49+00:00","dateModified":"2022-12-13T18:58:32+00:00","breadcrumb":{"@id":"https:\/\/adeona-avocats.com\/en\/landing-page-defense-des-salaries\/#breadcrumb"},"inLanguage":"en-US","potentialAction":[{"@type":"ReadAction","target":["https:\/\/adeona-avocats.com\/en\/landing-page-defense-des-salaries\/"]}]},{"@type":"BreadcrumbList","@id":"https:\/\/adeona-avocats.com\/en\/landing-page-defense-des-salaries\/#breadcrumb","itemListElement":[{"@type":"ListItem","position":1,"name":"Home","item":"https:\/\/adeona-avocats.com\/en\/"},{"@type":"ListItem","position":2,"name":"Landing page &#8211; D\u00e9fense des salari\u00e9s"}]},{"@type":"WebSite","@id":"https:\/\/adeona-avocats.com\/#website","url":"https:\/\/adeona-avocats.com\/","name":"Adeona Avocat.e.s","description":"Un site utilisant WordPress","publisher":{"@id":"https:\/\/adeona-avocats.com\/#organization"},"potentialAction":[{"@type":"SearchAction","target":{"@type":"EntryPoint","urlTemplate":"https:\/\/adeona-avocats.com\/?s={search_term_string}"},"query-input":{"@type":"PropertyValueSpecification","valueRequired":true,"valueName":"search_term_string"}}],"inLanguage":"en-US"},{"@type":"Organization","@id":"https:\/\/adeona-avocats.com\/#organization","name":"Adeona Avocat.e.s","url":"https:\/\/adeona-avocats.com\/","logo":{"@type":"ImageObject","inLanguage":"en-US","@id":"https:\/\/adeona-avocats.com\/#\/schema\/logo\/image\/","url":"https:\/\/adeona-avocats.com\/wp-content\/uploads\/2022\/09\/adeona-avocat-e-s-logo.svg","contentUrl":"https:\/\/adeona-avocats.com\/wp-content\/uploads\/2022\/09\/adeona-avocat-e-s-logo.svg","width":1,"height":1,"caption":"Adeona Avocat.e.s"},"image":{"@id":"https:\/\/adeona-avocats.com\/#\/schema\/logo\/image\/"},"sameAs":["https:\/\/www.linkedin.com\/company\/adeona-avocats"]}]}},"_links":{"self":[{"href":"https:\/\/adeona-avocats.com\/en\/wp-json\/wp\/v2\/pages\/735","targetHints":{"allow":["GET"]}}],"collection":[{"href":"https:\/\/adeona-avocats.com\/en\/wp-json\/wp\/v2\/pages"}],"about":[{"href":"https:\/\/adeona-avocats.com\/en\/wp-json\/wp\/v2\/types\/page"}],"author":[{"embeddable":true,"href":"https:\/\/adeona-avocats.com\/en\/wp-json\/wp\/v2\/users\/1"}],"replies":[{"embeddable":true,"href":"https:\/\/adeona-avocats.com\/en\/wp-json\/wp\/v2\/comments?post=735"}],"version-history":[{"count":1,"href":"https:\/\/adeona-avocats.com\/en\/wp-json\/wp\/v2\/pages\/735\/revisions"}],"predecessor-version":[{"id":742,"href":"https:\/\/adeona-avocats.com\/en\/wp-json\/wp\/v2\/pages\/735\/revisions\/742"}],"wp:attachment":[{"href":"https:\/\/adeona-avocats.com\/en\/wp-json\/wp\/v2\/media?parent=735"}],"curies":[{"name":"wp","href":"https:\/\/api.w.org\/{rel}","templated":true}]}}