{"id":740,"date":"2022-08-31T20:27:03","date_gmt":"2022-08-31T18:27:03","guid":{"rendered":"https:\/\/adeona-avocats.com\/?page_id=740"},"modified":"2022-12-13T19:58:42","modified_gmt":"2022-12-13T18:58:42","slug":"vie-privee","status":"publish","type":"page","link":"https:\/\/adeona-avocats.com\/en\/vie-privee\/","title":{"rendered":"Vie priv\u00e9e"},"content":{"rendered":"\r\n<section id=\"adeona-block_63229fa77c610\" class=\"space size-80 \"><\/section>\r\n\r\n\n\n\r\n<section id=\"adeona-block_63229fb07c611\" class=\"content-simple\">\r\n\r\n    <div class=\"container container\">\r\n        <p><!-- wp:paragraph --><\/p>\n<p><strong><u>Vie priv\u00e9e<\/u><\/strong><\/p>\n<p><!-- \/wp:paragraph --> <!-- wp:paragraph --><\/p>\n<p>En utilisant et parcourant le site Internet accessible \u00e0 partir de l\u2019adresse URL www.adeona-avocats.com (le \u00ab Site \u00bb), l\u2019utilisateur du Site (l\u2019\u00ab Utilisateur \u00bb) accepte la collecte et l\u2019utilisation de ses donn\u00e9es \u00e0 caract\u00e8re personnel (les \u00ab Donn\u00e9es Personnelles \u00bb ou \u00ab Donn\u00e9es \u00bb) de la mani\u00e8re d\u00e9crite dans la pr\u00e9sente Politique de Confidentialit\u00e9 et ce, par les soci\u00e9t\u00e9s Rezlan Avocate SELARL et Ballester Avocate SELARL au nom et pour le compte de ADEONA AVOCAT\u00b7E\u00b7S, AARPI enregistr\u00e9e sous le num\u00e9ro 919 617 688 (\u00ab Adeona Avocat\u00b7e\u00b7s \u00bb).<\/p>\n<p><!-- \/wp:paragraph --> <!-- wp:paragraph --><\/p>\n<p>Les traitements de Donn\u00e9es Personnelles collect\u00e9es \u00e0 partir du Site sont effectu\u00e9s dans le respect de la loi du 6 janvier 1978 modifi\u00e9e (\u00ab Loi Informatique et Libert\u00e9s \u00bb) ainsi que du R\u00e8glement (UE) 2016\/679 du Parlement europ\u00e9en et du Conseil du 27 avril 2016, relatif \u00e0 la protection des personnes physiques \u00e0 l\u2019\u00e9gard du traitement des donn\u00e9es \u00e0 caract\u00e8re personnel et \u00e0 la libre circulation de ces donn\u00e9es, et abrogeant la directive 95\/46\/CE (le \u00ab RGPD \u00bb).<\/p>\n<p><!-- \/wp:paragraph --> <!-- wp:paragraph --><\/p>\n<p>Le responsable de traitement des Donn\u00e9es est Adeona Avocat\u00b7e\u00b7s.<\/p>\n<p><!-- \/wp:paragraph --> <!-- wp:spacer {\"height\":\"30px\"} --><\/p>\n<div class=\"wp-block-spacer\" aria-hidden=\"true\"><\/div>\n<p><!-- \/wp:spacer --> <!-- wp:paragraph --><\/p>\n<p><strong>1. Donn\u00e9es collect\u00e9es<\/strong><\/p>\n<p><!-- \/wp:paragraph --> <!-- wp:paragraph --><\/p>\n<p>Les Donn\u00e9es collect\u00e9es par Adeona Avocat\u00b7e\u00b7s lors de l\u2019utilisation du Site par l\u2019Utilisateur sont strictement n\u00e9cessaires aux finalit\u00e9s recherch\u00e9es par Adeona Avocat\u00b7e\u00b7s et d\u00e9crites ci-dessous.<\/p>\n<p><!-- \/wp:paragraph --> <!-- wp:spacer {\"height\":\"30px\"} --><\/p>\n<div class=\"wp-block-spacer\" aria-hidden=\"true\"><\/div>\n<p><!-- \/wp:spacer --> <!-- wp:paragraph --><\/p>\n<p><strong>2. Finalit\u00e9s de la collecte et du traitement de Donn\u00e9es<\/strong><\/p>\n<p><!-- \/wp:paragraph --> <!-- wp:paragraph --><\/p>\n<p>Des Donn\u00e9es peuvent \u00eatre collect\u00e9es lorsque l\u2019Utilisateur :<\/p>\n<p><!-- \/wp:paragraph --> <!-- wp:list --><\/p>\n<ul>\n<li>Navigue sur le Site,<\/li>\n<li>Prend contact ou envoie une question via le formulaire de contact,<\/li>\n<li>D\u00e9pose une candidature pour un poste ou un stage,<\/li>\n<\/ul>\n<p><!-- \/wp:list --> <!-- wp:paragraph --><\/p>\n<p>Ainsi, les Donn\u00e9es des Utilisateurs ne sont trait\u00e9es que pour les finalit\u00e9s suivantes :<\/p>\n<p><!-- \/wp:paragraph --> <!-- wp:list --><\/p>\n<ul>\n<li>Am\u00e9liorer la navigation sur le Site,<\/li>\n<li>Optimiser des fonctionnalit\u00e9s du Site,<\/li>\n<li>Fournir aux Utilisateurs les services ou les informations qui ont \u00e9t\u00e9 sollicit\u00e9s,<\/li>\n<li>R\u00e9pondre aux questions et demandes des Utilisateurs,<\/li>\n<li>Assurer le traitement des candidatures re\u00e7ues.<\/li>\n<\/ul>\n<p><!-- \/wp:list --> <!-- wp:paragraph --><\/p>\n<p>Ces traitements ont pour base l\u00e9gale l\u2019int\u00e9r\u00eat l\u00e9gitime d\u2019Adeona Avocat\u00b7e\u00b7s d\u2019assurer le bon fonctionnement et la s\u00e9curit\u00e9 du Site, ainsi que d\u2019\u00e9valuer son audience.<\/p>\n<p><!-- \/wp:paragraph --> <!-- wp:paragraph --><\/p>\n<p>Adeona Avocat\u00b7e\u00b7s peut \u00e9galement utiliser les Donn\u00e9es des Utilisateurs \u00e0 des fins de communication pour l&#8217;envoi de newsletters, des informations, et des invitations \u00e0 des \u00e9v\u00e8nements et conf\u00e9rences.<\/p>\n<p><!-- \/wp:paragraph --> <!-- wp:paragraph --><\/p>\n<p>Ce traitement est fond\u00e9 sur l\u2019int\u00e9r\u00eat l\u00e9gitime d\u2019Adeona Avocat\u00b7e\u00b7s de d\u00e9velopper ses relations avec ses clients, prospects et partenaires et sur le consentement des utilisateurs.<\/p>\n<p><!-- \/wp:paragraph --> <!-- wp:spacer {\"height\":\"30px\"} --><\/p>\n<div class=\"wp-block-spacer\" aria-hidden=\"true\"><\/div>\n<p><!-- \/wp:spacer --> <!-- wp:paragraph --><\/p>\n<p><strong>3. Conservation et destinataires de vos Donn\u00e9es Personnelles<\/strong><\/p>\n<p><!-- \/wp:paragraph --> <!-- wp:paragraph --><\/p>\n<p>Les Donn\u00e9es susvis\u00e9es sont conserv\u00e9es uniquement pour la dur\u00e9e n\u00e9cessaire aux finalit\u00e9s pour lesquelles elles sont collect\u00e9es et trait\u00e9es et ce, dans le respect de la l\u00e9gislation en vigueur.<\/p>\n<p><!-- \/wp:paragraph --> <!-- wp:paragraph --><\/p>\n<p>Les Donn\u00e9es collect\u00e9es et trait\u00e9es par Adeona Avocat\u00b7e\u00b7s au moyen du Site ne sont pas c\u00e9d\u00e9es ou lou\u00e9es, \u00e0 titre gratuit ou on\u00e9reux, \u00e0 des tiers. Ne seront pas consid\u00e9r\u00e9s comme des tiers les \u00e9ventuels bureaux d\u2019Adeona Avocat\u00b7e\u00b7s qui seraient situ\u00e9s dans l\u2019Union europ\u00e9enne.<\/p>\n<p><!-- \/wp:paragraph --> <!-- wp:spacer {\"height\":\"30px\"} --><\/p>\n<div class=\"wp-block-spacer\" aria-hidden=\"true\"><\/div>\n<p><!-- \/wp:spacer --> <!-- wp:paragraph --><\/p>\n<p><strong>4. S\u00e9curit\u00e9<\/strong><\/p>\n<p><!-- \/wp:paragraph --> <!-- wp:paragraph --><\/p>\n<p>Adeona Avocat\u00b7e\u00b7s s\u2019engage \u00e0 prot\u00e9ger la s\u00e9curit\u00e9, la confidentialit\u00e9 et l\u2019int\u00e9grit\u00e9 des Donn\u00e9es des Utilisateurs fournies sur le Site par l\u2019utilisation de moyens de s\u00e9curisation physiques et logistiques.<\/p>\n<p><!-- \/wp:paragraph --> <!-- wp:paragraph --><\/p>\n<p>Toutefois, et compte tenu des caract\u00e9ristiques inh\u00e9rentes \u00e0 Internet comme moyen de communication global, Adeona Avocat\u00b7e\u00b7s ne peut pas garantir que ces informations, lors d\u2019une transmission sur Internet, ne puissent pas \u00eatre intercept\u00e9es par des tiers.<\/p>\n<p><!-- \/wp:paragraph --> <!-- wp:spacer {\"height\":\"30px\"} --><\/p>\n<div class=\"wp-block-spacer\" aria-hidden=\"true\"><\/div>\n<p><!-- \/wp:spacer --> <!-- wp:paragraph --><\/p>\n<p><strong>5. Cookies<\/strong><\/p>\n<p><!-- \/wp:paragraph --> <!-- wp:paragraph --><\/p>\n<p>En naviguant sur le Site, les Utilisateurs acceptent l\u2019utilisation de cookies dans les conditions d\u00e9crites ci-apr\u00e8s.<\/p>\n<p><!-- \/wp:paragraph --> <!-- wp:paragraph --><\/p>\n<p>Si les Utilisateurs ne souhaitent pas accepter ces cookies, ils peuvent les d\u00e9sactiver en suivant les instructions d\u00e9crites ci-apr\u00e8s.<\/p>\n<p><!-- \/wp:paragraph --> <!-- wp:spacer {\"height\":\"30px\"} --><\/p>\n<div class=\"wp-block-spacer\" aria-hidden=\"true\"><\/div>\n<p><!-- \/wp:spacer --> <!-- wp:paragraph --><\/p>\n<p><strong><em>5.1 D\u00e9finition<\/em><\/strong><\/p>\n<p><!-- \/wp:paragraph --> <!-- wp:paragraph --><\/p>\n<p>Les cookies sont des donn\u00e9es stock\u00e9es dans l\u2019\u00e9quipement terminal d\u2019un internaute et utilis\u00e9es par le site que les internautes visitent pour envoyer des informations au navigateur, et permettant \u00e0 ce navigateur de renvoyer des informations au site d\u2019origine.<\/p>\n<p><!-- \/wp:paragraph --> <!-- wp:paragraph --><\/p>\n<p>Ils contiennent g\u00e9n\u00e9ralement le nom du serveur qui l\u2019a d\u00e9pos\u00e9, un identifiant sous forme de num\u00e9ro unique et une date d\u2019expiration.<\/p>\n<p><!-- \/wp:paragraph --> <!-- wp:paragraph --><\/p>\n<p>Les cookies permettent de conserver, pendant la dur\u00e9e de validit\u00e9 du cookie, des informations d\u2019\u00e9tat lorsqu\u2019un navigateur acc\u00e8de aux diff\u00e9rentes pages d\u2019un site web ou lorsque ce navigateur retourne plus tard sur ce site Internet.<\/p>\n<p><!-- \/wp:paragraph --> <!-- wp:paragraph --><\/p>\n<p>La lecture ou la modification des informations contenues dans un cookie rel\u00e8vent de son seul \u00e9metteur.<\/p>\n<p><!-- \/wp:paragraph --> <!-- wp:spacer {\"height\":\"30px\"} --><\/p>\n<div class=\"wp-block-spacer\" aria-hidden=\"true\"><\/div>\n<p><!-- \/wp:spacer --> <!-- wp:paragraph --><\/p>\n<p><strong><em>5.2 Finalit\u00e9<\/em><\/strong><\/p>\n<p><!-- \/wp:paragraph --> <!-- wp:paragraph --><\/p>\n<p>Afin de proposer des services adapt\u00e9s au terminal de l\u2019Utilisateur (ordinateur, mobile ou tablette), les cookies utilis\u00e9s par Adeona Avocat\u00b7e\u00b7s ont pour finalit\u00e9s :<\/p>\n<p><!-- \/wp:paragraph --> <!-- wp:list --><\/p>\n<ul>\n<li>La collecte d\u2019informations relatives \u00e0 la navigation des Utilisateurs ;<\/li>\n<li>L\u2019analyse de la fr\u00e9quentation et de l\u2019utilisation du Site.<\/li>\n<\/ul>\n<p><!-- \/wp:list --> <!-- wp:spacer {\"height\":\"30px\"} --><\/p>\n<div class=\"wp-block-spacer\" aria-hidden=\"true\"><\/div>\n<p><!-- \/wp:spacer --> <!-- wp:paragraph --><\/p>\n<p><strong><em>5.3 Utilisation des cookies par Adeona Avocat\u00b7e\u00b7s<\/em><\/strong><\/p>\n<p><!-- \/wp:paragraph --> <!-- wp:paragraph --><\/p>\n<p>Les cookies utilis\u00e9s sur le Site sont les suivants :<\/p>\n<p><!-- \/wp:paragraph --> <!-- wp:list --><\/p>\n<ul>\n<li>Des cookies de session qui enregistrent des informations techniques lors de la navigation d\u2019une page \u00e0 une autre sur le Site et qui disparaissent d\u00e8s que l\u2019Utilisateur quitte le Site.<\/li>\n<li>Des cookies de fonctionnalit\u00e9s permettant notamment de reconnaitre l\u2019Utilisateur lors d\u2019une nouvelle visite sur le Site et adapter le Site en fonction. Il s\u2019agit de cookies permanents qui demeurent sur le terminal de l\u2019Utilisateur jusqu\u2019\u00e0 expiration de leur dur\u00e9e de vie ou leur suppression \u00e0 l\u2019aide des fonctionnalit\u00e9s du navigateur.<\/li>\n<li>Des cookies de mesure d\u2019audience Google Analytics : ces cookies sont utilis\u00e9s pour collecter de l\u2019information, de mani\u00e8re anonyme, sur les utilisateurs des sites web. Ces cookies permettent de comptabiliser les visiteurs et d\u2019identifier la mani\u00e8re dont ils utilisent le Site. Ces cookies sont d\u00e9pos\u00e9s et lus sur l\u2019\u00e9quipement de l\u2019Utilisateur et d\u00e8s que celui-ci acc\u00e8de \u00e0 un site Internet utilisant le service \u00ab Google Analytics \u00bb.<\/li>\n<\/ul>\n<p><!-- \/wp:list --> <!-- wp:paragraph --><\/p>\n<p>La politique de confidentialit\u00e9 de Google est consultable via ce lien : https:\/\/support.google.com\/analytics\/answer\/6004245?hl=fr<\/p>\n<p><!-- \/wp:paragraph --> <!-- wp:spacer {\"height\":\"30px\"} --><\/p>\n<div class=\"wp-block-spacer\" aria-hidden=\"true\"><\/div>\n<p><!-- \/wp:spacer --> <!-- wp:paragraph --><\/p>\n<p><strong><em>5.4 Consentement \u2013 suppression et gestion des cookies<\/em><\/strong><\/p>\n<p><!-- \/wp:paragraph --> <!-- wp:paragraph --><\/p>\n<p>Les Utilisateurs disposent de plusieurs options pour supprimer les cookies.<\/p>\n<p><!-- \/wp:paragraph --> <!-- wp:paragraph --><\/p>\n<p>La plupart des navigateurs sont param\u00e9tr\u00e9s par d\u00e9faut. N\u00e9anmoins, les Utilisateurs peuvent toujours choisir de d\u00e9sactiver un ou plusieurs cookies, refuser leur d\u00e9p\u00f4t ou retirer leur consentement. L\u2019Utilisateur a le choix d\u2019accepter ou de refuser les cookies au cas par cas ou de les refuser de mani\u00e8re g\u00e9n\u00e9rale et syst\u00e9matique.<\/p>\n<p><!-- \/wp:paragraph --> <!-- wp:paragraph --><\/p>\n<p>Les Utilisateurs ont \u00e9galement la possibilit\u00e9 de g\u00e9rer les cookies utilis\u00e9s sur le Site en param\u00e9trant les navigateurs de leurs diff\u00e9rents terminaux (tablettes, smartphones, ordinateurs), comme d\u00e9taill\u00e9 ci-apr\u00e8s.<\/p>\n<p><!-- \/wp:paragraph --> <!-- wp:paragraph --><\/p>\n<p>La configuration de chaque navigateur est d\u00e9crite dans son menu d\u2019aide. G\u00e9n\u00e9ralement, il s\u2019agit de se reporter \u00e0 l\u2019onglet \u00ab Param\u00e8tres \u00bb, puis au menu \u00ab Options \u00bb ou \u00ab Pr\u00e9f\u00e9rences \u00bb.<\/p>\n<p><!-- \/wp:paragraph --> <!-- wp:paragraph --><\/p>\n<p>Les Utilisateurs sont inform\u00e9s qu\u2019en fonction du param\u00e9trage choisi, les conditions d\u2019acc\u00e8s au Site et \u00e0 ses fonctionnalit\u00e9s peuvent le cas \u00e9ch\u00e9ant \u00eatre modifi\u00e9es, ce dont Adeona Avocat\u00b7e\u00b7s ne saurait \u00eatre responsable.<\/p>\n<p><!-- \/wp:paragraph --> <!-- wp:paragraph --><\/p>\n<p>Lorsque les Utilisateurs refusent le d\u00e9p\u00f4t d\u2019un cookie en suivant les param\u00e8tres expos\u00e9s ci-avant, un cookie est install\u00e9 et conserv\u00e9 sur leur navigateur afin de les identifier comme personne ayant refus\u00e9 l\u2019installation de cookies. Dans l\u2019hypoth\u00e8se o\u00f9 les Utilisateurs effaceraient ce cookie de leur navigateur ou qu\u2019ils se connecteraient \u00e0 partir d\u2019un navigateur Internet diff\u00e9rent ou un autre ordinateur, ils devraient alors entreprendre la m\u00eame proc\u00e9dure de refus de d\u00e9p\u00f4t des cookies.<\/p>\n<p><!-- \/wp:paragraph --> <!-- wp:spacer {\"height\":\"30px\"} --><\/p>\n<div class=\"wp-block-spacer\" aria-hidden=\"true\"><\/div>\n<p><!-- \/wp:spacer --> <!-- wp:paragraph --><\/p>\n<p><strong>6. Droits de l\u2019Utilisateur<\/strong><\/p>\n<p><!-- \/wp:paragraph --> <!-- wp:paragraph --><\/p>\n<p>Chaque Utilisateur dispose d\u2019un droit d\u2019acc\u00e8s, de modification, de rectification et de suppression des Donn\u00e9es le concernant.<\/p>\n<p><!-- \/wp:paragraph --> <!-- wp:paragraph --><\/p>\n<p>Chaque Utilisateur a \u00e9galement la possibilit\u00e9 de s\u2019opposer, pour des motifs l\u00e9gitimes, \u00e0 ce que ses Donn\u00e9es fassent l\u2019objet d\u2019un traitement par Adeona Avocat\u00b7e\u00b7s.<\/p>\n<p><!-- \/wp:paragraph --> <!-- wp:paragraph --><\/p>\n<p>Ces droits peuvent \u00eatre exerc\u00e9s en envoyant un courrier \u00e0 : Adeona Avocat\u00b7e\u00b7s, 4 rue Thimonnier \u2013 75009 Paris ou par e-mail \u00e0 l\u2019adresse suivante : contact@adeona-avocats.com.<\/p>\n<p><!-- \/wp:paragraph --> <!-- wp:paragraph --><\/p>\n<p>Chaque Utilisateur est inform\u00e9 qu\u2019il peut \u00e0 tout moment introduire une r\u00e9clamation aupr\u00e8s de la CNIL (3 Place de Fontenoy, 75007 Paris).<\/p>\n<p><!-- \/wp:paragraph --> <!-- wp:spacer {\"height\":\"30px\"} --><\/p>\n<div class=\"wp-block-spacer\" aria-hidden=\"true\"><\/div>\n<p><!-- \/wp:spacer --> <!-- wp:paragraph --><\/p>\n<p><strong>7. Modification de la Politique de Confidentialit\u00e9<\/strong><\/p>\n<p><!-- \/wp:paragraph --> <!-- wp:paragraph --><\/p>\n<p>Adeona Avocat\u00b7e\u00b7s se r\u00e9serve le droit de modifier la pr\u00e9sente Politique de Confidentialit\u00e9 \u00e0 tout moment.<\/p>\n<p><!-- \/wp:paragraph --> <!-- wp:paragraph --><\/p>\n<p>En cas de modification ou de mise \u00e0 jour, la Politique de Confidentialit\u00e9 r\u00e9vis\u00e9e sera mise en ligne sur le Site avec mention de la derni\u00e8re date de mise \u00e0 jour.<\/p>\n<p><!-- \/wp:paragraph --> <!-- wp:paragraph --><\/p>\n<p>L\u2019Utilisateur devra en cons\u00e9quence v\u00e9rifier r\u00e9guli\u00e8rement le Site pour rester inform\u00e9 de tout changement ou mise \u00e0 jour de la Politique de Confidentialit\u00e9.<\/p>\n<p><!-- \/wp:paragraph --> <!-- wp:spacer {\"height\":\"30px\"} --><\/p>\n<div class=\"wp-block-spacer\" aria-hidden=\"true\"><\/div>\n<p><!-- \/wp:spacer --> <!-- wp:paragraph --><\/p>\n<p><strong>8. Loi et Juridiction applicable<\/strong><\/p>\n<p><!-- \/wp:paragraph --> <!-- wp:paragraph --><\/p>\n<p>La pr\u00e9sente Politique de Confidentialit\u00e9 est r\u00e9gie par la loi fran\u00e7aise et tout litige \u00e0 son sujet rel\u00e8vera de la comp\u00e9tence exclusive des tribunaux de Paris.<\/p>\n<p><!-- \/wp:paragraph --> <!-- wp:paragraph --><\/p>\n<p><em>Date de la derni\u00e8re modification : novembre 2022<\/em><\/p>\n<p><!-- \/wp:paragraph --><\/p>\n    <\/div>\r\n   \r\n    \r\n<\/section>\n\n\r\n<section id=\"adeona-block_63229fb37c612\" class=\"space size-80 \"><\/section>\r\n\r\n","protected":false},"excerpt":{"rendered":"","protected":false},"author":1,"featured_media":0,"parent":0,"menu_order":0,"comment_status":"closed","ping_status":"closed","template":"","meta":{"_acf_changed":false,"footnotes":""},"class_list":["post-740","page","type-page","status-publish","hentry"],"acf":[],"yoast_head":"<!-- This site is optimized with the Yoast SEO plugin v27.4 - https:\/\/yoast.com\/product\/yoast-seo-wordpress\/ -->\n<title>Vie priv\u00e9e - Adeona Avocat.e.s<\/title>\n<meta name=\"robots\" content=\"index, follow, max-snippet:-1, max-image-preview:large, max-video-preview:-1\" \/>\n<link rel=\"canonical\" href=\"https:\/\/adeona-avocats.com\/en\/vie-privee\/\" \/>\n<meta property=\"og:locale\" content=\"en_US\" \/>\n<meta property=\"og:type\" content=\"article\" \/>\n<meta property=\"og:title\" content=\"Vie priv\u00e9e - Adeona Avocat.e.s\" \/>\n<meta property=\"og:url\" content=\"https:\/\/adeona-avocats.com\/en\/vie-privee\/\" \/>\n<meta property=\"og:site_name\" content=\"Adeona Avocat.e.s\" \/>\n<meta property=\"article:modified_time\" content=\"2022-12-13T18:58:42+00:00\" \/>\n<meta name=\"twitter:card\" content=\"summary_large_image\" \/>\n<script type=\"application\/ld+json\" class=\"yoast-schema-graph\">{\"@context\":\"https:\\\/\\\/schema.org\",\"@graph\":[{\"@type\":\"WebPage\",\"@id\":\"https:\\\/\\\/adeona-avocats.com\\\/en\\\/vie-privee\\\/\",\"url\":\"https:\\\/\\\/adeona-avocats.com\\\/en\\\/vie-privee\\\/\",\"name\":\"Vie priv\u00e9e - Adeona Avocat.e.s\",\"isPartOf\":{\"@id\":\"https:\\\/\\\/adeona-avocats.com\\\/#website\"},\"datePublished\":\"2022-08-31T18:27:03+00:00\",\"dateModified\":\"2022-12-13T18:58:42+00:00\",\"breadcrumb\":{\"@id\":\"https:\\\/\\\/adeona-avocats.com\\\/en\\\/vie-privee\\\/#breadcrumb\"},\"inLanguage\":\"en-US\",\"potentialAction\":[{\"@type\":\"ReadAction\",\"target\":[\"https:\\\/\\\/adeona-avocats.com\\\/en\\\/vie-privee\\\/\"]}]},{\"@type\":\"BreadcrumbList\",\"@id\":\"https:\\\/\\\/adeona-avocats.com\\\/en\\\/vie-privee\\\/#breadcrumb\",\"itemListElement\":[{\"@type\":\"ListItem\",\"position\":1,\"name\":\"Home\",\"item\":\"https:\\\/\\\/adeona-avocats.com\\\/en\\\/\"},{\"@type\":\"ListItem\",\"position\":2,\"name\":\"Vie priv\u00e9e\"}]},{\"@type\":\"WebSite\",\"@id\":\"https:\\\/\\\/adeona-avocats.com\\\/#website\",\"url\":\"https:\\\/\\\/adeona-avocats.com\\\/\",\"name\":\"Adeona Avocat.e.s\",\"description\":\"Un site utilisant WordPress\",\"publisher\":{\"@id\":\"https:\\\/\\\/adeona-avocats.com\\\/#organization\"},\"potentialAction\":[{\"@type\":\"SearchAction\",\"target\":{\"@type\":\"EntryPoint\",\"urlTemplate\":\"https:\\\/\\\/adeona-avocats.com\\\/?s={search_term_string}\"},\"query-input\":{\"@type\":\"PropertyValueSpecification\",\"valueRequired\":true,\"valueName\":\"search_term_string\"}}],\"inLanguage\":\"en-US\"},{\"@type\":\"Organization\",\"@id\":\"https:\\\/\\\/adeona-avocats.com\\\/#organization\",\"name\":\"Adeona Avocat.e.s\",\"url\":\"https:\\\/\\\/adeona-avocats.com\\\/\",\"logo\":{\"@type\":\"ImageObject\",\"inLanguage\":\"en-US\",\"@id\":\"https:\\\/\\\/adeona-avocats.com\\\/#\\\/schema\\\/logo\\\/image\\\/\",\"url\":\"https:\\\/\\\/adeona-avocats.com\\\/wp-content\\\/uploads\\\/2022\\\/09\\\/adeona-avocat-e-s-logo.svg\",\"contentUrl\":\"https:\\\/\\\/adeona-avocats.com\\\/wp-content\\\/uploads\\\/2022\\\/09\\\/adeona-avocat-e-s-logo.svg\",\"width\":1,\"height\":1,\"caption\":\"Adeona Avocat.e.s\"},\"image\":{\"@id\":\"https:\\\/\\\/adeona-avocats.com\\\/#\\\/schema\\\/logo\\\/image\\\/\"},\"sameAs\":[\"https:\\\/\\\/www.linkedin.com\\\/company\\\/adeona-avocats\"]}]}<\/script>\n<!-- \/ Yoast SEO plugin. -->","yoast_head_json":{"title":"Vie priv\u00e9e - Adeona Avocat.e.s","robots":{"index":"index","follow":"follow","max-snippet":"max-snippet:-1","max-image-preview":"max-image-preview:large","max-video-preview":"max-video-preview:-1"},"canonical":"https:\/\/adeona-avocats.com\/en\/vie-privee\/","og_locale":"en_US","og_type":"article","og_title":"Vie priv\u00e9e - Adeona Avocat.e.s","og_url":"https:\/\/adeona-avocats.com\/en\/vie-privee\/","og_site_name":"Adeona Avocat.e.s","article_modified_time":"2022-12-13T18:58:42+00:00","twitter_card":"summary_large_image","schema":{"@context":"https:\/\/schema.org","@graph":[{"@type":"WebPage","@id":"https:\/\/adeona-avocats.com\/en\/vie-privee\/","url":"https:\/\/adeona-avocats.com\/en\/vie-privee\/","name":"Vie priv\u00e9e - Adeona Avocat.e.s","isPartOf":{"@id":"https:\/\/adeona-avocats.com\/#website"},"datePublished":"2022-08-31T18:27:03+00:00","dateModified":"2022-12-13T18:58:42+00:00","breadcrumb":{"@id":"https:\/\/adeona-avocats.com\/en\/vie-privee\/#breadcrumb"},"inLanguage":"en-US","potentialAction":[{"@type":"ReadAction","target":["https:\/\/adeona-avocats.com\/en\/vie-privee\/"]}]},{"@type":"BreadcrumbList","@id":"https:\/\/adeona-avocats.com\/en\/vie-privee\/#breadcrumb","itemListElement":[{"@type":"ListItem","position":1,"name":"Home","item":"https:\/\/adeona-avocats.com\/en\/"},{"@type":"ListItem","position":2,"name":"Vie priv\u00e9e"}]},{"@type":"WebSite","@id":"https:\/\/adeona-avocats.com\/#website","url":"https:\/\/adeona-avocats.com\/","name":"Adeona Avocat.e.s","description":"Un site utilisant WordPress","publisher":{"@id":"https:\/\/adeona-avocats.com\/#organization"},"potentialAction":[{"@type":"SearchAction","target":{"@type":"EntryPoint","urlTemplate":"https:\/\/adeona-avocats.com\/?s={search_term_string}"},"query-input":{"@type":"PropertyValueSpecification","valueRequired":true,"valueName":"search_term_string"}}],"inLanguage":"en-US"},{"@type":"Organization","@id":"https:\/\/adeona-avocats.com\/#organization","name":"Adeona Avocat.e.s","url":"https:\/\/adeona-avocats.com\/","logo":{"@type":"ImageObject","inLanguage":"en-US","@id":"https:\/\/adeona-avocats.com\/#\/schema\/logo\/image\/","url":"https:\/\/adeona-avocats.com\/wp-content\/uploads\/2022\/09\/adeona-avocat-e-s-logo.svg","contentUrl":"https:\/\/adeona-avocats.com\/wp-content\/uploads\/2022\/09\/adeona-avocat-e-s-logo.svg","width":1,"height":1,"caption":"Adeona Avocat.e.s"},"image":{"@id":"https:\/\/adeona-avocats.com\/#\/schema\/logo\/image\/"},"sameAs":["https:\/\/www.linkedin.com\/company\/adeona-avocats"]}]}},"_links":{"self":[{"href":"https:\/\/adeona-avocats.com\/en\/wp-json\/wp\/v2\/pages\/740","targetHints":{"allow":["GET"]}}],"collection":[{"href":"https:\/\/adeona-avocats.com\/en\/wp-json\/wp\/v2\/pages"}],"about":[{"href":"https:\/\/adeona-avocats.com\/en\/wp-json\/wp\/v2\/types\/page"}],"author":[{"embeddable":true,"href":"https:\/\/adeona-avocats.com\/en\/wp-json\/wp\/v2\/users\/1"}],"replies":[{"embeddable":true,"href":"https:\/\/adeona-avocats.com\/en\/wp-json\/wp\/v2\/comments?post=740"}],"version-history":[{"count":1,"href":"https:\/\/adeona-avocats.com\/en\/wp-json\/wp\/v2\/pages\/740\/revisions"}],"predecessor-version":[{"id":747,"href":"https:\/\/adeona-avocats.com\/en\/wp-json\/wp\/v2\/pages\/740\/revisions\/747"}],"wp:attachment":[{"href":"https:\/\/adeona-avocats.com\/en\/wp-json\/wp\/v2\/media?parent=740"}],"curies":[{"name":"wp","href":"https:\/\/api.w.org\/{rel}","templated":true}]}}